{"id":46,"date":"2021-02-16T11:44:42","date_gmt":"2021-02-16T11:44:42","guid":{"rendered":"https:\/\/demosites.io\/neve-3\/?page_id=46"},"modified":"2024-12-02T21:58:53","modified_gmt":"2024-12-02T21:58:53","slug":"7b3c2-homepage","status":"publish","type":"page","link":"https:\/\/metrodebogota.co\/","title":{"rendered":"Homepage"},"content":{"rendered":"\n<div class=\"wp-block-cover alignfull is-repeated\" style=\"min-height:600px;aspect-ratio:unset;\"><span aria-hidden=\"true\" class=\"wp-block-cover__background has-background-dim-40 has-background-dim wp-block-cover__gradient-background has-background-gradient\" style=\"background-color:#887975;background:linear-gradient(135deg,rgb(10,10,19) 0%,rgb(40,116,252) 100%)\"><\/span><div role=\"img\" aria-label=\"Header metro de bogot\u00e1. Avances, beneficios y futuro \" class=\"wp-block-cover__image-background wp-image-437 is-repeated\" style=\"background-position:50% 50%;background-image:url(https:\/\/metrodebogota.co\/wp-content\/uploads\/2024\/11\/metrodebogota-1.jpg)\"><\/div><div class=\"wp-block-cover__inner-container is-layout-flow wp-block-cover-is-layout-flow\">\n<div style=\"height:40px\" aria-hidden=\"true\" class=\"wp-block-spacer\"><\/div>\n\n\n\n<div class=\"wp-block-columns are-vertically-aligned-center is-layout-flex wp-container-core-columns-is-layout-9d6595d7 wp-block-columns-is-layout-flex\">\n<div class=\"wp-block-column is-vertically-aligned-center is-layout-flow wp-block-column-is-layout-flow\" style=\"flex-basis:100%\">\n<h1 class=\"wp-block-heading has-text-align-left\" style=\"font-size:56px\">Metro de Bogot\u00e1: Avances, Beneficios y Futuro del Transporte Urbano<\/h1>\n\n\n\n<p class=\"has-text-align-left\" style=\"font-size:1.125em\">Descubre c\u00f3mo el Metro de Bogot\u00e1 transformar\u00e1 la movilidad y mejorar\u00e1 la calidad de vida en la ciudad.<\/p>\n\n\n\n<div class=\"wp-block-buttons is-layout-flex wp-block-buttons-is-layout-flex\">\n<div class=\"wp-block-button is-style-primary\"><a class=\"wp-block-button__link wp-element-button\">Pr\u00f3ximamente<\/a><\/div>\n<\/div>\n<\/div>\n\n\n\n<div class=\"wp-block-column is-vertically-aligned-center is-layout-flow wp-block-column-is-layout-flow\" style=\"flex-basis:30%\">\n<p><\/p>\n<\/div>\n<\/div>\n\n\n\n<div style=\"height:40px\" aria-hidden=\"true\" class=\"wp-block-spacer\"><\/div>\n<\/div><\/div>\n\n\n\n<div style=\"height:40px\" aria-hidden=\"true\" class=\"wp-block-spacer\"><\/div>\n\n\n\n<div class=\"wp-block-columns is-layout-flex wp-container-core-columns-is-layout-9d6595d7 wp-block-columns-is-layout-flex\">\n<div class=\"wp-block-column is-vertically-aligned-center is-layout-flow wp-block-column-is-layout-flow\"><div class=\"wp-block-image\">\n<figure class=\"aligncenter size-full\"><img loading=\"lazy\" decoding=\"async\" width=\"480\" height=\"480\" src=\"https:\/\/metrodebogota.co\/wp-content\/uploads\/2024\/11\/img-mock-002.jpg\" alt=\"Metro de bogot\u00e1 medio ambiente\" class=\"wp-image-438\" srcset=\"https:\/\/metrodebogota.co\/wp-content\/uploads\/2024\/11\/img-mock-002.jpg 480w, https:\/\/metrodebogota.co\/wp-content\/uploads\/2024\/11\/img-mock-002-300x300.jpg 300w, https:\/\/metrodebogota.co\/wp-content\/uploads\/2024\/11\/img-mock-002-150x150.jpg 150w\" sizes=\"(max-width: 480px) 100vw, 480px\" \/><\/figure>\n<\/div><\/div>\n\n\n\n<div class=\"wp-block-column is-vertically-aligned-center is-layout-flow wp-block-column-is-layout-flow\">\n<h2 class=\"wp-block-heading\">Impacto del Metro de Bogot\u00e1 en la Econom\u00eda y el Medio Ambiente<\/h2>\n\n\n\n<p>El Metro de Bogot\u00e1 no solo promete revolucionar la movilidad urbana, sino tambi\u00e9n generar un impacto positivo en la econom\u00eda y el medio ambiente. Con la creaci\u00f3n de miles de empleos directos e indirectos durante su construcci\u00f3n y operaci\u00f3n, se espera un impulso significativo a la econom\u00eda local. Adem\u00e1s, al reducir la dependencia de veh\u00edculos particulares y transporte tradicional, el metro contribuir\u00e1 a disminuir las emisiones de carbono, mejorando la calidad del aire y fomentando un desarrollo urbano m\u00e1s sostenible. Este proyecto emblem\u00e1tico est\u00e1 dise\u00f1ado para beneficiar tanto a las generaciones actuales como futuras, consolidando a Bogot\u00e1 como una ciudad moderna y comprometida con el medio ambiente.<\/p>\n\n\n\n<div class=\"wp-block-buttons is-layout-flex wp-block-buttons-is-layout-flex\"><\/div>\n<\/div>\n<\/div>\n\n\n\n<figure class=\"wp-block-image size-full\"><img loading=\"lazy\" decoding=\"async\" width=\"1600\" height=\"900\" src=\"https:\/\/metrodebogota.co\/wp-content\/uploads\/2024\/11\/MetroBogota1Mayo2024.jpg\" alt=\"Obra metro de bogot\u00e1, avance\" class=\"wp-image-439\" srcset=\"https:\/\/metrodebogota.co\/wp-content\/uploads\/2024\/11\/MetroBogota1Mayo2024.jpg 1600w, https:\/\/metrodebogota.co\/wp-content\/uploads\/2024\/11\/MetroBogota1Mayo2024-300x169.jpg 300w, https:\/\/metrodebogota.co\/wp-content\/uploads\/2024\/11\/MetroBogota1Mayo2024-1024x576.jpg 1024w, https:\/\/metrodebogota.co\/wp-content\/uploads\/2024\/11\/MetroBogota1Mayo2024-768x432.jpg 768w, https:\/\/metrodebogota.co\/wp-content\/uploads\/2024\/11\/MetroBogota1Mayo2024-1536x864.jpg 1536w\" sizes=\"(max-width: 1600px) 100vw, 1600px\" \/><\/figure>\n\n\n\n<div style=\"height:20px\" aria-hidden=\"true\" class=\"wp-block-spacer\"><\/div>\n\n\n\n<div class=\"wp-block-columns are-vertically-aligned-top is-layout-flex wp-container-core-columns-is-layout-9d6595d7 wp-block-columns-is-layout-flex\">\n<div class=\"wp-block-column is-vertically-aligned-top is-layout-flow wp-block-column-is-layout-flow\">\n<figure class=\"wp-block-image size-full\"><img loading=\"lazy\" decoding=\"async\" width=\"1280\" height=\"720\" src=\"https:\/\/metrodebogota.co\/wp-content\/uploads\/2024\/11\/Paola-Caceres-portada.jpg\" alt=\"metro de bogota empleos\" class=\"wp-image-440\" srcset=\"https:\/\/metrodebogota.co\/wp-content\/uploads\/2024\/11\/Paola-Caceres-portada.jpg 1280w, https:\/\/metrodebogota.co\/wp-content\/uploads\/2024\/11\/Paola-Caceres-portada-300x169.jpg 300w, https:\/\/metrodebogota.co\/wp-content\/uploads\/2024\/11\/Paola-Caceres-portada-1024x576.jpg 1024w, https:\/\/metrodebogota.co\/wp-content\/uploads\/2024\/11\/Paola-Caceres-portada-768x432.jpg 768w\" sizes=\"(max-width: 1280px) 100vw, 1280px\" \/><\/figure>\n\n\n\n<div style=\"height:16px\" aria-hidden=\"true\" class=\"wp-block-spacer\"><\/div>\n\n\n\n<h3 class=\"wp-block-heading\">Empleos Generados por el Metro de Bogot\u00e1<\/h3>\n\n\n\n<p>El desarrollo del Metro de Bogot\u00e1 representa una fuente importante de empleo para la ciudad. Se estima que generar\u00e1 miles de puestos de trabajo, desde labores de construcci\u00f3n e ingenier\u00eda hasta operaciones y mantenimiento. Este impacto laboral no solo dinamiza la econom\u00eda local, sino que tambi\u00e9n ofrece oportunidades de capacitaci\u00f3n y desarrollo profesional para los bogotanos, fortaleciendo el tejido social y econ\u00f3mico de la regi\u00f3n.<\/p>\n<\/div>\n\n\n\n<div class=\"wp-block-column is-vertically-aligned-top is-layout-flow wp-block-column-is-layout-flow\">\n<figure class=\"wp-block-image size-full\"><img loading=\"lazy\" decoding=\"async\" width=\"1200\" height=\"630\" src=\"https:\/\/metrodebogota.co\/wp-content\/uploads\/2024\/11\/metrode-bogota-emisiones.jpg\" alt=\"metro de bogota reduccion de emisiones\" class=\"wp-image-441\" srcset=\"https:\/\/metrodebogota.co\/wp-content\/uploads\/2024\/11\/metrode-bogota-emisiones.jpg 1200w, https:\/\/metrodebogota.co\/wp-content\/uploads\/2024\/11\/metrode-bogota-emisiones-300x158.jpg 300w, https:\/\/metrodebogota.co\/wp-content\/uploads\/2024\/11\/metrode-bogota-emisiones-1024x538.jpg 1024w, https:\/\/metrodebogota.co\/wp-content\/uploads\/2024\/11\/metrode-bogota-emisiones-768x403.jpg 768w\" sizes=\"(max-width: 1200px) 100vw, 1200px\" \/><\/figure>\n\n\n\n<div style=\"height:16px\" aria-hidden=\"true\" class=\"wp-block-spacer\"><\/div>\n\n\n\n<h3 class=\"wp-block-heading\"><strong>Reducci\u00f3n de Emisiones y Sostenibilidad Ambiental<\/strong><\/h3>\n\n\n\n<p>Uno de los mayores beneficios del Metro de Bogot\u00e1 es su contribuci\u00f3n al medio ambiente. Al operar con energ\u00eda el\u00e9ctrica y facilitar un transporte masivo eficiente, reducir\u00e1 significativamente las emisiones de gases contaminantes. Esto ayudar\u00e1 a mitigar el impacto del cambio clim\u00e1tico y mejorar\u00e1 la calidad del aire, beneficiando directamente la salud de los habitantes de la ciudad.<\/p>\n<\/div>\n\n\n\n<div class=\"wp-block-column is-vertically-aligned-top is-layout-flow wp-block-column-is-layout-flow\">\n<figure class=\"wp-block-image size-full\"><img loading=\"lazy\" decoding=\"async\" width=\"640\" height=\"360\" src=\"https:\/\/metrodebogota.co\/wp-content\/uploads\/2024\/11\/metro-de-bogota-social.jpg\" alt=\"metro de bogota beneficio social\" class=\"wp-image-442\" srcset=\"https:\/\/metrodebogota.co\/wp-content\/uploads\/2024\/11\/metro-de-bogota-social.jpg 640w, https:\/\/metrodebogota.co\/wp-content\/uploads\/2024\/11\/metro-de-bogota-social-300x169.jpg 300w\" sizes=\"(max-width: 640px) 100vw, 640px\" \/><\/figure>\n\n\n\n<div style=\"height:16px\" aria-hidden=\"true\" class=\"wp-block-spacer\"><\/div>\n\n\n\n<h3 class=\"wp-block-heading\"><strong>Beneficios Sociales y Calidad de Vida para los Bogotanos<\/strong><br><\/h3>\n\n\n\n<p>El Metro de Bogot\u00e1 no solo busca transformar la movilidad, sino tambi\u00e9n mejorar la calidad de vida de sus habitantes. Con tiempos de viaje m\u00e1s cortos, menos congesti\u00f3n vehicular y mayor acceso a diferentes zonas de la ciudad, los ciudadanos podr\u00e1n disfrutar de una experiencia de transporte m\u00e1s c\u00f3moda y segura. Adem\u00e1s, el proyecto fomenta la inclusi\u00f3n social al conectar comunidades y facilitar el acceso a servicios esenciales como educaci\u00f3n, salud y empleo.<br><br><\/p>\n<\/div>\n<\/div>\n\n\n\n<h2 class=\"wp-block-heading\"><\/h2>\n\n\n\n<h2 class=\"wp-block-heading\">Noticias<\/h2>\n\n\n<div class=\"is-style-boxed wp-block-themeisle-blocks-posts-grid\" id=\"wp-block-themeisle-blocks-posts-grid-c6524c2b\"><div class=\"is-list\"><div class=\"o-posts-grid-post-blog o-posts-grid-post-plain\"><div class=\"o-posts-grid-post\"><div class=\"o-posts-grid-post-image\"><a href=\"https:\/\/metrodebogota.co\/?p=509\"><img loading=\"lazy\" decoding=\"async\" width=\"150\" height=\"150\" src=\"https:\/\/metrodebogota.co\/wp-content\/uploads\/2024\/11\/presidente-petro-150x150.webp\" class=\"attachment-thumbnail size-thumbnail\" alt=\"La rivalidad entre Petro y Gal\u00e1n: El Metro de Bogot\u00e1 como v\u00edctima de la pol\u00edtica y la falta de visi\u00f3n\" \/><\/a><\/div><div class=\"o-posts-grid-post-body\"><h4 class=\"o-posts-grid-post-title\"><a href=\"https:\/\/metrodebogota.co\/?p=509\">La rivalidad entre Petro y Gal\u00e1n: El Metro de Bogot\u00e1 como v\u00edctima de la pol\u00edtica y la falta de visi\u00f3n<\/a><\/h4><p class=\"o-posts-grid-post-meta\">Posted on <time datetime=\"2024-11-26T23:07:17+00:00\">noviembre 26, 2024<\/time> by <a href=\"https:\/\/metrodebogota.co\/?author=1\">Metrodebogot\u00e1<\/a><\/p><div class=\"o-posts-grid-post-description\"><p>A medida que el proyecto del Metro de Bogot\u00e1 sigue dando de qu\u00e9 hablar, las tensiones entre el presi\u2026<\/p><\/div><\/div><\/div><\/div><div class=\"o-posts-grid-post-blog o-posts-grid-post-plain\"><div class=\"o-posts-grid-post\"><div class=\"o-posts-grid-post-image\"><a href=\"https:\/\/metrodebogota.co\/?p=503\"><img loading=\"lazy\" decoding=\"async\" width=\"150\" height=\"150\" src=\"https:\/\/metrodebogota.co\/wp-content\/uploads\/2024\/11\/metro-de-bogota-150x150.jpg\" class=\"attachment-thumbnail size-thumbnail\" alt=\"El Metro de Bogot\u00e1: Un impacto m\u00e1s all\u00e1 de la movilidad\" \/><\/a><\/div><div class=\"o-posts-grid-post-body\"><h4 class=\"o-posts-grid-post-title\"><a href=\"https:\/\/metrodebogota.co\/?p=503\">El Metro de Bogot\u00e1: Un impacto m\u00e1s all\u00e1 de la movilidad<\/a><\/h4><p class=\"o-posts-grid-post-meta\">Posted on <time datetime=\"2024-11-26T22:58:16+00:00\">noviembre 26, 2024<\/time> by <a href=\"https:\/\/metrodebogota.co\/?author=1\">Metrodebogot\u00e1<\/a><\/p><div class=\"o-posts-grid-post-description\"><p>El Metro de Bogot\u00e1 est\u00e1 llamado a convertirse en mucho m\u00e1s que una soluci\u00f3n para la ca\u00f3tica movilida\u2026<\/p><\/div><\/div><\/div><\/div><div class=\"o-posts-grid-post-blog o-posts-grid-post-plain\"><div class=\"o-posts-grid-post\"><div class=\"o-posts-grid-post-image\"><a href=\"https:\/\/metrodebogota.co\/?p=318\"><img loading=\"lazy\" decoding=\"async\" width=\"150\" height=\"150\" src=\"https:\/\/metrodebogota.co\/wp-content\/uploads\/2021\/10\/construccion-viga-capitel-150x150.jpg\" class=\"attachment-thumbnail size-thumbnail\" alt=\"Avance de las Obras del Metro de Bogot\u00e1: Octubre 2024\" \/><\/a><\/div><div class=\"o-posts-grid-post-body\"><h4 class=\"o-posts-grid-post-title\"><a href=\"https:\/\/metrodebogota.co\/?p=318\">Avance de las Obras del Metro de Bogot\u00e1: Octubre 2024<\/a><\/h4><p class=\"o-posts-grid-post-meta\">Posted on <time datetime=\"2024-10-07T14:29:53+00:00\">octubre 7, 2024<\/time> by <a href=\"https:\/\/metrodebogota.co\/?author=1\">Metrodebogot\u00e1<\/a><\/p><div class=\"o-posts-grid-post-description\"><p>Estado Actual del Proyecto La Primera L\u00ednea del Metro de Bogot\u00e1, considerada uno de los proyectos de\u2026<\/p><\/div><\/div><\/div><\/div><div class=\"o-posts-grid-post-blog o-posts-grid-post-plain\"><div class=\"o-posts-grid-post\"><div class=\"o-posts-grid-post-image\"><a href=\"https:\/\/metrodebogota.co\/?p=422\"><img loading=\"lazy\" decoding=\"async\" width=\"150\" height=\"150\" src=\"https:\/\/metrodebogota.co\/wp-content\/uploads\/2021\/02\/china_colombia-150x150.jpg\" class=\"attachment-thumbnail size-thumbnail\" alt=\"China y el Metro de Bogot\u00e1: \u00bfUna Alianza Estrat\u00e9gica o una Dependencia Riesgosa?\" \/><\/a><\/div><div class=\"o-posts-grid-post-body\"><h4 class=\"o-posts-grid-post-title\"><a href=\"https:\/\/metrodebogota.co\/?p=422\">China y el Metro de Bogot\u00e1: \u00bfUna Alianza Estrat\u00e9gica o una Dependencia Riesgosa?<\/a><\/h4><p class=\"o-posts-grid-post-meta\">Posted on <time datetime=\"2024-06-12T10:05:41+00:00\">junio 12, 2024<\/time> by <a href=\"https:\/\/metrodebogota.co\/?author=1\">Metrodebogot\u00e1<\/a><\/p><div class=\"o-posts-grid-post-description\"><p>En el tablero de la geopol\u00edtica mundial, donde cada proyecto de infraestructura puede ser le\u00eddo como\u2026<\/p><\/div><\/div><\/div><\/div><div class=\"o-posts-grid-post-blog o-posts-grid-post-plain\"><div class=\"o-posts-grid-post\"><div class=\"o-posts-grid-post-image\"><a href=\"https:\/\/metrodebogota.co\/?p=56\"><img loading=\"lazy\" decoding=\"async\" width=\"150\" height=\"150\" src=\"https:\/\/metrodebogota.co\/wp-content\/uploads\/2021\/02\/VagonMetroChinos-1-150x150.webp\" class=\"attachment-thumbnail size-thumbnail\" alt=\"Opiniones de Expertos: \u00bfC\u00f3mo ven el Metro de Bogot\u00e1 los Especialistas?\" \/><\/a><\/div><div class=\"o-posts-grid-post-body\"><h4 class=\"o-posts-grid-post-title\"><a href=\"https:\/\/metrodebogota.co\/?p=56\">Opiniones de Expertos: \u00bfC\u00f3mo ven el Metro de Bogot\u00e1 los Especialistas?<\/a><\/h4><p class=\"o-posts-grid-post-meta\">Posted on <time datetime=\"2024-02-18T10:06:48+00:00\">febrero 18, 2024<\/time> by <a href=\"https:\/\/metrodebogota.co\/?author=1\">Metrodebogot\u00e1<\/a><\/p><div class=\"o-posts-grid-post-description\"><p>El Metro de Bogot\u00e1, una de las obras m\u00e1s esperadas en la historia de la capital, genera opiniones di\u2026<\/p><\/div><\/div><\/div><\/div><\/div> <\/div>\n\n\n<div style=\"height:40px\" aria-hidden=\"true\" class=\"wp-block-spacer\"><\/div>\n\n\n\n<blockquote class=\"wp-block-quote is-layout-flow wp-block-quote-is-layout-flow\">\n<p><\/p>\n<\/blockquote>\n\n\n\n<p><\/p>\n","protected":false},"excerpt":{"rendered":"<p>Impacto del Metro de Bogot\u00e1 en la Econom\u00eda y el Medio Ambiente El Metro de Bogot\u00e1 no solo promete revolucionar la movilidad urbana, sino tambi\u00e9n generar un impacto positivo en la econom\u00eda y el medio ambiente. Con la creaci\u00f3n de miles de empleos directos e indirectos durante su construcci\u00f3n y operaci\u00f3n, se espera un impulso&hellip;&nbsp;<a href=\"https:\/\/metrodebogota.co\/\" rel=\"bookmark\">Leer m\u00e1s &raquo;<span class=\"screen-reader-text\">Homepage<\/span><\/a><\/p>\n","protected":false},"author":1,"featured_media":0,"parent":0,"menu_order":0,"comment_status":"closed","ping_status":"closed","template":"","meta":{"neve_meta_sidebar":"full-width","neve_meta_container":"contained","neve_meta_enable_content_width":"on","neve_meta_content_width":100,"neve_meta_title_alignment":"","neve_meta_author_avatar":"","neve_post_elements_order":"","neve_meta_disable_header":"","neve_meta_disable_footer":"","neve_meta_disable_title":"on","_themeisle_gutenberg_block_has_review":false,"_ti_tpc_template_sync":false,"_ti_tpc_template_id":"98yl5t6s3nicwhomkrmc","footnotes":""},"class_list":["post-46","page","type-page","status-publish","hentry"],"_links":{"self":[{"href":"https:\/\/metrodebogota.co\/index.php?rest_route=\/wp\/v2\/pages\/46","targetHints":{"allow":["GET"]}}],"collection":[{"href":"https:\/\/metrodebogota.co\/index.php?rest_route=\/wp\/v2\/pages"}],"about":[{"href":"https:\/\/metrodebogota.co\/index.php?rest_route=\/wp\/v2\/types\/page"}],"author":[{"embeddable":true,"href":"https:\/\/metrodebogota.co\/index.php?rest_route=\/wp\/v2\/users\/1"}],"replies":[{"embeddable":true,"href":"https:\/\/metrodebogota.co\/index.php?rest_route=%2Fwp%2Fv2%2Fcomments&post=46"}],"version-history":[{"count":13,"href":"https:\/\/metrodebogota.co\/index.php?rest_route=\/wp\/v2\/pages\/46\/revisions"}],"predecessor-version":[{"id":523,"href":"https:\/\/metrodebogota.co\/index.php?rest_route=\/wp\/v2\/pages\/46\/revisions\/523"}],"wp:attachment":[{"href":"https:\/\/metrodebogota.co\/index.php?rest_route=%2Fwp%2Fv2%2Fmedia&parent=46"}],"curies":[{"name":"wp","href":"https:\/\/api.w.org\/{rel}","templated":true}]}}